{"id":7,"date":"2018-01-08T07:36:26","date_gmt":"2018-01-08T07:36:26","guid":{"rendered":"http:\/\/kg-mau-mau.info\/?page_id=7"},"modified":"2024-01-06T10:19:26","modified_gmt":"2024-01-06T09:19:26","slug":"kinderkarneval","status":"publish","type":"page","link":"https:\/\/kg-mau-mau.info\/?page_id=7","title":{"rendered":"Kinderkarneval"},"content":{"rendered":"<p><span class=\"screen-reader-text\">Gel\u00f6scht: <\/span>Die Ansprechpartner f\u00fcr Themen rund um den Kinderkarneval sind<\/p>\n<p><span class=\"screen-reader-text\">Gel\u00f6scht: <\/span>Ramona Wirtz (958744),<\/p>\n<p>Anja Haas (984770)<\/p>\n<p>und&nbsp;<\/p>\n<p>Bettina Hermes (983091).<\/p>\n","protected":false},"excerpt":{"rendered":"<p>Gel\u00f6scht: Die Ansprechpartner f\u00fcr Themen rund um den Kinderkarneval sind Gel\u00f6scht: Ramona Wirtz (958744), Anja Haas (984770) und&nbsp; Bettina Hermes (983091).<\/p>\n","protected":false},"author":1,"featured_media":0,"parent":0,"menu_order":0,"comment_status":"closed","ping_status":"closed","template":"","meta":{"ngg_post_thumbnail":0,"footnotes":""},"_links":{"self":[{"href":"https:\/\/kg-mau-mau.info\/index.php?rest_route=\/wp\/v2\/pages\/7"}],"collection":[{"href":"https:\/\/kg-mau-mau.info\/index.php?rest_route=\/wp\/v2\/pages"}],"about":[{"href":"https:\/\/kg-mau-mau.info\/index.php?rest_route=\/wp\/v2\/types\/page"}],"author":[{"embeddable":true,"href":"https:\/\/kg-mau-mau.info\/index.php?rest_route=\/wp\/v2\/users\/1"}],"replies":[{"embeddable":true,"href":"https:\/\/kg-mau-mau.info\/index.php?rest_route=%2Fwp%2Fv2%2Fcomments&post=7"}],"version-history":[{"count":6,"href":"https:\/\/kg-mau-mau.info\/index.php?rest_route=\/wp\/v2\/pages\/7\/revisions"}],"predecessor-version":[{"id":816,"href":"https:\/\/kg-mau-mau.info\/index.php?rest_route=\/wp\/v2\/pages\/7\/revisions\/816"}],"wp:attachment":[{"href":"https:\/\/kg-mau-mau.info\/index.php?rest_route=%2Fwp%2Fv2%2Fmedia&parent=7"}],"curies":[{"name":"wp","href":"https:\/\/api.w.org\/{rel}","templated":true}]}}