{"id":10,"date":"2018-01-08T07:36:26","date_gmt":"2018-01-08T07:36:26","guid":{"rendered":"http:\/\/kg-mau-mau.info\/?page_id=10"},"modified":"2022-02-28T20:23:08","modified_gmt":"2022-02-28T19:23:08","slug":"ueber-uns","status":"publish","type":"page","link":"https:\/\/kg-mau-mau.info\/?page_id=10","title":{"rendered":"\u00dcber Uns"},"content":{"rendered":"<p style=\"text-align: center;\">Herzlich Willkommen bei der KG Mau-Mau! Der Karnevalsgesellschaft im mittleren P\u00fctzbachtal.<\/p>\n<p><a href=\"http:\/\/kg-mau-mau.info\/wp-content\/uploads\/2020\/02\/SAM_5823-2.jpg\"><img loading=\"lazy\" decoding=\"async\" class=\"alignnone wp-image-663 size-full\" src=\"http:\/\/kg-mau-mau.info\/wp-content\/uploads\/2020\/02\/SAM_5823-2.jpg\" alt=\"\" width=\"6055\" height=\"3348\" srcset=\"https:\/\/kg-mau-mau.info\/wp-content\/uploads\/2020\/02\/SAM_5823-2.jpg 6055w, https:\/\/kg-mau-mau.info\/wp-content\/uploads\/2020\/02\/SAM_5823-2-300x166.jpg 300w, https:\/\/kg-mau-mau.info\/wp-content\/uploads\/2020\/02\/SAM_5823-2-768x425.jpg 768w, https:\/\/kg-mau-mau.info\/wp-content\/uploads\/2020\/02\/SAM_5823-2-1024x566.jpg 1024w\" sizes=\"(max-width: 6055px) 100vw, 6055px\" \/><\/a><\/p>\n<p>&nbsp;<\/p>\n\n\n<p>Die Karnevalsgesellschaft \u201eMau Mau\u201c wurde offiziell 1952 gegr\u00fcndet, hat allerdings schon viele Jahre vorher Geschichte geschrieben.&nbsp;<\/p>\n\n\n\n<p>Die \u201eMau Mau\u201c entstand, als es noch ziemlich \u201emau\u201c war, wie man von den Jahren 1945-1950 wei\u00df. Als der in langen Kriegsjahren angestaute Nachholbedarf an Tanzbelustigungen eingeholt war, regten sich die Gef\u00fchle f\u00fcr Geselligkeit und Frohsinn.<\/p>\n\n\n\n<p>Also steckten die Ninkirjer die K\u00f6pfe zusammen, egal ob auf der Bank bei Schr\u00e4we Ludwig, bei Heys&#8216; an der Theke oder in Scheunen und Viehst\u00e4llen Zuhause.\u00a0<\/p>\n\n\n\n<p>Da die Nachbarschaftspflege bereits in den 20er Jahren gro\u00df geschrieben wurde, beschloss man 1952 die Karnevalsgesellschaft zusammen mit P\u00fctzborn und Steinborn zu gr\u00fcnden.<\/p>\n\n\n\n<p>Somit war die KG offiziell geboren, ihren Namen \u201eMau Mau\u201c erhielt sie jedoch erst 1953 und steht seitdem unter dem Motto \u201eFrei sein und n\u00e4rrisch\u201c!<\/p>\n\n\n\n<p>Seitdem finden j\u00e4hrlich unsere beiden Kappensitzungen statt, wo der Elferrat, die gro\u00dfe und mittlere Garde, B\u00fcttenredner und nat\u00fcrlich unser gro\u00dfes Prinzenpaar ihren Auftritt haben.<\/p>\n\n\n\n<p>Zudem haben beim Kinderkarneval die Kleinsten ihren gro\u00dfen Auftritt, wenn das Kinderprinzenpaar in Begleitung von der Mini Garde und dem kleinen Elferrat den Saal betritt. Nat\u00fcrlich geh\u00f6ren zum Programm auch Auftritte der Kinder im Kindergarten- und Grundschulalter mit verschiedenen Sketchen und Darbietungen.<\/p>\n\n\n\n<p>Am Weiberdonnerstag ziehen dann die M\u00f6hnen durchs Dorf und kehren anschlie\u00dfend im B\u00fcrgerhaus zum M\u00f6hnen-Nachmittag ein. Dieser Tag wird von den Oberm\u00f6hnen organisiert.<\/p>\n\n\n\n<p>Zu einer grandiosen Session darf dann nat\u00fcrlich ein gro\u00dfer Rosenmontagsumzug mit ca. 25-30 Gruppen und 350-400 aktiven Teilnehmern und anschlie\u00dfender \u201eAfter-Zuch-Party\u201c nicht fehlen.<\/p>\n\n\n\n<p>Zur Zeit z\u00e4hlt unser Verein ca. 500 Mitglieder.&nbsp;<\/p>\n","protected":false},"excerpt":{"rendered":"<p>Herzlich Willkommen bei der KG Mau-Mau! Der Karnevalsgesellschaft im mittleren P\u00fctzbachtal. &nbsp; Die Karnevalsgesellschaft \u201eMau Mau\u201c wurde offiziell 1952 gegr\u00fcndet, hat allerdings schon viele Jahre vorher Geschichte geschrieben.&nbsp; Die \u201eMau Mau\u201c entstand, als es noch ziemlich \u201emau\u201c war, wie man von den Jahren 1945-1950 wei\u00df. Als der in langen Kriegsjahren angestaute Nachholbedarf an Tanzbelustigungen eingeholt [&hellip;]<\/p>\n","protected":false},"author":1,"featured_media":77,"parent":0,"menu_order":0,"comment_status":"closed","ping_status":"closed","template":"","meta":{"ngg_post_thumbnail":0,"footnotes":""},"_links":{"self":[{"href":"https:\/\/kg-mau-mau.info\/index.php?rest_route=\/wp\/v2\/pages\/10"}],"collection":[{"href":"https:\/\/kg-mau-mau.info\/index.php?rest_route=\/wp\/v2\/pages"}],"about":[{"href":"https:\/\/kg-mau-mau.info\/index.php?rest_route=\/wp\/v2\/types\/page"}],"author":[{"embeddable":true,"href":"https:\/\/kg-mau-mau.info\/index.php?rest_route=\/wp\/v2\/users\/1"}],"replies":[{"embeddable":true,"href":"https:\/\/kg-mau-mau.info\/index.php?rest_route=%2Fwp%2Fv2%2Fcomments&post=10"}],"version-history":[{"count":9,"href":"https:\/\/kg-mau-mau.info\/index.php?rest_route=\/wp\/v2\/pages\/10\/revisions"}],"predecessor-version":[{"id":701,"href":"https:\/\/kg-mau-mau.info\/index.php?rest_route=\/wp\/v2\/pages\/10\/revisions\/701"}],"wp:featuredmedia":[{"embeddable":true,"href":"https:\/\/kg-mau-mau.info\/index.php?rest_route=\/wp\/v2\/media\/77"}],"wp:attachment":[{"href":"https:\/\/kg-mau-mau.info\/index.php?rest_route=%2Fwp%2Fv2%2Fmedia&parent=10"}],"curies":[{"name":"wp","href":"https:\/\/api.w.org\/{rel}","templated":true}]}}